{"id":2043,"date":"2020-07-02T16:33:44","date_gmt":"2020-07-02T14:33:44","guid":{"rendered":"https:\/\/ranaelgjegerforening.no\/?page_id=2043"},"modified":"2020-09-07T19:29:25","modified_gmt":"2020-09-07T17:29:25","slug":"skyteresultater-2020","status":"publish","type":"page","link":"https:\/\/ranaelgjegerforening.no\/?page_id=2043","title":{"rendered":"Skyteresultater 2020"},"content":{"rendered":"<p><a href=\"https:\/\/ranaelgjegerforening.no\/wp-content\/uploads\/2020\/09\/Elg-med-finale-S\u00f8mna-16.08.20.pdf\"><span style=\"color: #0000ff;\">\u00c5pent elgbanestevne 17.08.2020 SJFF finale<\/span><\/a><\/p>\n<p><a href=\"https:\/\/ranaelgjegerforening.no\/wp-content\/uploads\/2020\/09\/LE-R_Resultat25P\u00e5Topp.pdf\"><span style=\"color: #0000ff;\">\u00c5pent elgbanestevne 16.08.2020 SJFF<\/span><\/a><\/p>\n<p><a href=\"https:\/\/ranaelgjegerforening.no\/wp-content\/uploads\/2020\/09\/JF-R_Resultat25P\u00e5ToppMedFinale.pdf\"><span style=\"color: #0000ff;\">\u00c5pent jaktfeltstevne 15.08.2020 SJFF finale<\/span><\/a><\/p>\n<p><a href=\"https:\/\/ranaelgjegerforening.no\/wp-content\/uploads\/2020\/09\/JF-R_Resultat25P\u00e5Topp.pdf\"><span style=\"color: #0000ff;\">\u00c5pent jaktfeltstevne 15.08.2020 SJFF<\/span><\/a><\/p>\n<p><a href=\"https:\/\/ranaelgjegerforening.no\/wp-content\/uploads\/2020\/07\/Finale-tr\u00f8nderkarusell-2020.pdf\"><span style=\"color: #0000ff;\">Tr\u00f8nderkarusell dag 2, finale 05.07.2020<\/span><\/a><\/p>\n<p><a href=\"https:\/\/ranaelgjegerforening.no\/wp-content\/uploads\/2020\/07\/Tr.karr-Beitstad-2020.pdf\"><span style=\"color: #0000ff;\">Tr\u00f8nderkarusell dag 2, Beistad 05.07.2020<\/span><\/a><\/p>\n<p><a href=\"https:\/\/ranaelgjegerforening.no\/wp-content\/uploads\/2020\/07\/Tr.-karr-Leksvik-2020.pdf\"><span style=\"color: #0000ff;\">Tr\u00f8nderkarusell dag 2, Leksvik 05.07.2020<\/span><\/a><\/p>\n<p><a href=\"https:\/\/ranaelgjegerforening.no\/wp-content\/uploads\/2020\/07\/Tr.-Karr-Soknedal-2020.pdf\"><span style=\"color: #0000ff;\">Tr\u00f8nderkarusell dag 1, Soknedal 04.07.2020<\/span><\/a><\/p>\n<p><a href=\"https:\/\/ranaelgjegerforening.no\/wp-content\/uploads\/2020\/07\/Tr.karr-H\u00f8londa-2020.pdf\"><span style=\"color: #0000ff;\">Tr\u00f8nderkarusell dag 1, H\u00f8londa 04.07.2020<\/span><\/a><\/p>\n<p><span style=\"color: #0000ff;\"><a style=\"color: #0000ff;\" href=\"https:\/\/ranaelgjegerforening.no\/wp-content\/uploads\/2020\/07\/R_Resultat25P\u00e5ToppMedFinale.pdf\">\u00c5pent jaktfeltstevne 20.06.2020 REJF<\/a><\/span><\/p>\n<p><span style=\"color: #0000ff;\"><a style=\"color: #0000ff;\" href=\"https:\/\/ranaelgjegerforening.no\/wp-content\/uploads\/2020\/07\/R_Resultat25P\u00e5ToppMedFinale-Helgelandsmesterskap.pdf\">Helgelandsmesterskap 21.06.2020<\/a><\/span><\/p>\n<p><a href=\"https:\/\/ranaelgjegerforening.no\/wp-content\/uploads\/2020\/09\/B\u00f8rgefjellkarusell-2020.pdf\"><span style=\"color: #0000ff;\">Resultat B\u00f8rgefjellkarusellen 2020<\/span><\/a><\/p>\n<p><a href=\"https:\/\/ranaelgjegerforening.no\/wp-content\/uploads\/2020\/09\/Fauske-finale-01.03.2020-rotated.jpg\"><span style=\"color: #0000ff;\">\u00c5pent jaktfeltstevne 01.03.200 FSJFF finale<\/span><\/a><\/p>\n<p><span style=\"color: #0000ff;\"><a style=\"color: #0000ff;\" href=\"https:\/\/ranaelgjegerforening.no\/wp-content\/uploads\/2020\/07\/\u00c5pent-Jaktfelstevne-01.03.2020-Resultat.pdf\">\u00c5pent jaktfeltstevne 01.03.2020 FSJFF<\/a><\/span><\/p>\n<p><a href=\"https:\/\/ranaelgjegerforening.no\/wp-content\/uploads\/2020\/09\/Resultater-total-Jaktfeltstevne-Bod\u00f8-JFF-14.02.20.pdf\"><span style=\"color: #0000ff;\">\u00c5pent jaktfeltstevne 29.02.2020 BJFF<\/span><\/a><\/p>\n<p><a href=\"https:\/\/ranaelgjegerforening.no\/wp-content\/uploads\/2020\/09\/Klasser-N\u00e6ggelspr\u00e6ttn-2020.pdf\"><span style=\"color: #0000ff;\">N\u00e6ggelspr\u00e6ttn 01.02.2020<\/span><\/a><\/p>\n","protected":false},"excerpt":{"rendered":"<p>\u00c5pent elgbanestevne 17.08.2020 SJFF finale \u00c5pent elgbanestevne 16.08.2020 SJFF \u00c5pent jaktfeltstevne 15.08.2020 SJFF finale \u00c5pent jaktfeltstevne 15.08.2020 SJFF Tr\u00f8nderkarusell dag 2, finale 05.07.2020 Tr\u00f8nderkarusell dag 2, Beistad 05.07.2020 Tr\u00f8nderkarusell dag 2, Leksvik 05.07.2020 Tr\u00f8nderkarusell dag 1, Soknedal 04.07.2020 Tr\u00f8nderkarusell dag 1, H\u00f8londa 04.07.2020 \u00c5pent jaktfeltstevne 20.06.2020 REJF Helgelandsmesterskap 21.06.2020 Resultat B\u00f8rgefjellkarusellen 2020 \u00c5pent jaktfeltstevne 01.03.200 &#8230; <a title=\"Skyteresultater 2020\" class=\"read-more\" href=\"https:\/\/ranaelgjegerforening.no\/?page_id=2043\" aria-label=\"Mer p\u00e5 Skyteresultater 2020\">Les mer<\/a><\/p>\n","protected":false},"author":4,"featured_media":0,"parent":0,"menu_order":0,"comment_status":"closed","ping_status":"closed","template":"","meta":{"generate_page_header":""},"_links":{"self":[{"href":"https:\/\/ranaelgjegerforening.no\/index.php?rest_route=\/wp\/v2\/pages\/2043"}],"collection":[{"href":"https:\/\/ranaelgjegerforening.no\/index.php?rest_route=\/wp\/v2\/pages"}],"about":[{"href":"https:\/\/ranaelgjegerforening.no\/index.php?rest_route=\/wp\/v2\/types\/page"}],"author":[{"embeddable":true,"href":"https:\/\/ranaelgjegerforening.no\/index.php?rest_route=\/wp\/v2\/users\/4"}],"replies":[{"embeddable":true,"href":"https:\/\/ranaelgjegerforening.no\/index.php?rest_route=%2Fwp%2Fv2%2Fcomments&post=2043"}],"version-history":[{"count":8,"href":"https:\/\/ranaelgjegerforening.no\/index.php?rest_route=\/wp\/v2\/pages\/2043\/revisions"}],"predecessor-version":[{"id":2324,"href":"https:\/\/ranaelgjegerforening.no\/index.php?rest_route=\/wp\/v2\/pages\/2043\/revisions\/2324"}],"wp:attachment":[{"href":"https:\/\/ranaelgjegerforening.no\/index.php?rest_route=%2Fwp%2Fv2%2Fmedia&parent=2043"}],"curies":[{"name":"wp","href":"https:\/\/api.w.org\/{rel}","templated":true}]}}