{"id":284,"date":"2017-05-24T01:04:04","date_gmt":"2017-05-23T23:04:04","guid":{"rendered":"http:\/\/ranaelgjegerforening.ipage.no\/?page_id=284"},"modified":"2018-01-29T18:09:13","modified_gmt":"2018-01-29T17:09:13","slug":"dokumenter","status":"publish","type":"page","link":"https:\/\/ranaelgjegerforening.no\/?page_id=284","title":{"rendered":"Referater"},"content":{"rendered":"<ul>\n<li>\u00c5rsberetning 2012 R.E.J.F<\/li>\n<li><a href=\"http:\/\/ranaelgjegerforening.ipage.no\/wp-content\/uploads\/2017\/05\/info_fra_rovviltutvalget_2012.pdf\">Info fra rovviltutvalget 2012<\/a><\/li>\n<li><a href=\"http:\/\/ranaelgjegerforening.ipage.no\/wp-content\/uploads\/2017\/05\/arsberetning_2011_rana_elgjegerforening.pdf\">\u00c5rsberetning 2011 R.E.J.F<\/a><\/li>\n<li><a href=\"http:\/\/ranaelgjegerforening.ipage.no\/wp-content\/uploads\/2017\/05\/samarbidsmote_med_statskog_den_12_mars_2012.pdf\">Samarbeidsm\u00f8te med Statskog 12 mars 2012<\/a><\/li>\n<li><a href=\"http:\/\/ranaelgjegerforening.ipage.no\/wp-content\/uploads\/2017\/05\/samarbeidsmote_m_statskog_pa_mo_22_3__2011.pdf\">Samarbeidsm\u00f8te med Statskog 22 mars 2011<\/a><\/li>\n<li><a href=\"http:\/\/ranaelgjegerforening.ipage.no\/wp-content\/uploads\/2017\/05\/arsberetning_2010_r_e_j_f.pdf\">\u00c5rsberetning 2010 R.E.J.F<\/a><\/li>\n<li><a href=\"http:\/\/ranaelgjegerforening.ipage.no\/wp-content\/uploads\/2017\/05\/prosjekt__samla_plan_2011.pdf\">Prosjekt &#8211; Samla Plan mars 2011<\/a><\/li>\n<li><a href=\"http:\/\/ranaelgjegerforening.ipage.no\/wp-content\/uploads\/2017\/05\/samarbeidsmote_med_statskog_nordland_den_2_6_2010.pdf\">Samarbeidsm\u00f8te med Statskog Nordland 02.06.10<\/a><\/li>\n<li><a href=\"http:\/\/ranaelgjegerforening.ipage.no\/wp-content\/uploads\/2017\/05\/minneord_om_svein_og_helge_2010.pdf\">Minneord om Svein R\u00f8ssvoll og Helge Jacobsen<\/a><\/li>\n<li><a href=\"http:\/\/ranaelgjegerforening.ipage.no\/wp-content\/uploads\/2017\/05\/nasjonal_konferanse_-_trones_april_2010_-_referat_fra_konferansen.pdf\">Nasjonal konferanse &#8211; Trones april 2010<\/a><\/li>\n<li><a href=\"http:\/\/ranaelgjegerforening.ipage.no\/wp-content\/uploads\/2017\/05\/nandor_lokas_minneskyting_-_orientering_til_skyteledrene_2009.pdf\">Nandor L\u00f8k\u00e5s minneskyting<\/a><\/li>\n<li><a href=\"http:\/\/ranaelgjegerforening.ipage.no\/wp-content\/uploads\/2017\/05\/elgforing_skar_gard_2012.pdf\">Elgforing Skar g\u00e5rd 2012<\/a><\/li>\n<li><a href=\"http:\/\/ranaelgjegerforening.ipage.no\/wp-content\/uploads\/2017\/05\/sluttrapport_elg_i_mitt_skandia.pdf\">Sluttrapport Elg i Mitt Skandia<\/a><\/li>\n<\/ul>\n","protected":false},"excerpt":{"rendered":"<p>\u00c5rsberetning 2012 R.E.J.F Info fra rovviltutvalget 2012 \u00c5rsberetning 2011 R.E.J.F Samarbeidsm\u00f8te med Statskog 12 mars 2012 Samarbeidsm\u00f8te med Statskog 22 mars 2011 \u00c5rsberetning 2010 R.E.J.F Prosjekt &#8211; Samla Plan mars 2011 Samarbeidsm\u00f8te med Statskog Nordland 02.06.10 Minneord om Svein R\u00f8ssvoll og Helge Jacobsen Nasjonal konferanse &#8211; Trones april 2010 Nandor L\u00f8k\u00e5s minneskyting Elgforing Skar g\u00e5rd &#8230; <a title=\"Referater\" class=\"read-more\" href=\"https:\/\/ranaelgjegerforening.no\/?page_id=284\" aria-label=\"Mer p\u00e5 Referater\">Les mer<\/a><\/p>\n","protected":false},"author":1,"featured_media":0,"parent":0,"menu_order":8,"comment_status":"closed","ping_status":"closed","template":"","meta":{"generate_page_header":""},"_links":{"self":[{"href":"https:\/\/ranaelgjegerforening.no\/index.php?rest_route=\/wp\/v2\/pages\/284"}],"collection":[{"href":"https:\/\/ranaelgjegerforening.no\/index.php?rest_route=\/wp\/v2\/pages"}],"about":[{"href":"https:\/\/ranaelgjegerforening.no\/index.php?rest_route=\/wp\/v2\/types\/page"}],"author":[{"embeddable":true,"href":"https:\/\/ranaelgjegerforening.no\/index.php?rest_route=\/wp\/v2\/users\/1"}],"replies":[{"embeddable":true,"href":"https:\/\/ranaelgjegerforening.no\/index.php?rest_route=%2Fwp%2Fv2%2Fcomments&post=284"}],"version-history":[{"count":7,"href":"https:\/\/ranaelgjegerforening.no\/index.php?rest_route=\/wp\/v2\/pages\/284\/revisions"}],"predecessor-version":[{"id":380,"href":"https:\/\/ranaelgjegerforening.no\/index.php?rest_route=\/wp\/v2\/pages\/284\/revisions\/380"}],"wp:attachment":[{"href":"https:\/\/ranaelgjegerforening.no\/index.php?rest_route=%2Fwp%2Fv2%2Fmedia&parent=284"}],"curies":[{"name":"wp","href":"https:\/\/api.w.org\/{rel}","templated":true}]}}