{"id":3307,"date":"2022-03-31T12:37:37","date_gmt":"2022-03-31T10:37:37","guid":{"rendered":"https:\/\/ranaelgjegerforening.no\/?page_id=3307"},"modified":"2022-07-04T14:00:05","modified_gmt":"2022-07-04T12:00:05","slug":"skyteresultat-2022","status":"publish","type":"page","link":"https:\/\/ranaelgjegerforening.no\/?page_id=3307","title":{"rendered":"Skyteresultat 2022"},"content":{"rendered":"<p><a href=\"https:\/\/ranaelgjegerforening.no\/wp-content\/uploads\/2022\/07\/R_ResultatLag.pdf\"><span style=\"font-size: 14pt; color: #0000ff;\">Fylkesmesterskap Lagskyting FSJFF 26.06.22<\/span><\/a><\/p>\n<p><a href=\"https:\/\/ranaelgjegerforening.no\/wp-content\/uploads\/2022\/07\/Fylkesmesterskap-Elgbane-26.06.pdf\"><span style=\"font-size: 14pt; color: #0000ff;\">Fylkesmesterskap FSJFF 26.06.22<\/span><\/a><\/p>\n<p><a href=\"https:\/\/ranaelgjegerforening.no\/wp-content\/uploads\/2022\/07\/Salten-ms.pdf\"><span style=\"font-size: 14pt; color: #0000ff;\">Saltenmesterskap FSJFF 25.06.22<\/span><\/a><\/p>\n<p><span style=\"color: #0000ff;\"><a style=\"color: #0000ff;\" href=\"https:\/\/ranaelgjegerforening.no\/wp-content\/uploads\/2022\/06\/Elgbane-19.06.22.pdf\"><span style=\"font-size: 14pt;\">Elgbane stevnte R\u00f8ssvoll 19.06.22<\/span><\/a><\/span><\/p>\n<p><span style=\"color: #0000ff;\"><a style=\"color: #0000ff;\" href=\"https:\/\/ranaelgjegerforening.no\/wp-content\/uploads\/2022\/06\/Jaktfelt-18.06.22.pdf\"><span style=\"font-size: 14pt;\">Jaktfelt stevne R\u00f8ssvoll 18.06.22<\/span><\/a><\/span><\/p>\n<p><span style=\"color: #0000ff;\"><a style=\"color: #0000ff;\" href=\"https:\/\/ranaelgjegerforening.no\/wp-content\/uploads\/2022\/06\/Borgefjell-Karusell-2022.pdf\"><span style=\"font-size: 14pt;\">B\u00f8rgefjellkarusell 2022<\/span><\/a><\/span><\/p>\n<p><span style=\"font-size: 14pt; color: #0000ff;\"><a style=\"color: #0000ff;\" href=\"https:\/\/ranaelgjegerforening.no\/wp-content\/uploads\/2022\/05\/Jaktfeltcup-11.pdf\">Jaktfelt cup 04.05.22<\/a><\/span><\/p>\n<p><span style=\"font-size: 14pt; color: #0000ff;\"><a style=\"color: #0000ff;\" href=\"https:\/\/ranaelgjegerforening.no\/wp-content\/uploads\/2022\/05\/Jaktfeltcup-10.pdf\">Jaktfelt cup 27.04.22<\/a><\/span><\/p>\n<p><span style=\"font-size: 14pt; color: #0000ff;\"><a style=\"color: #0000ff;\" href=\"https:\/\/ranaelgjegerforening.no\/wp-content\/uploads\/2022\/05\/R_Resultat25PaToppMedFinale-FM-Jaktfelt-FSJFF.pdf\">Fylkemesterskap Jaktfelt FSJFF 24.04.22<\/a><\/span><\/p>\n<p><span style=\"font-size: 14pt; color: #0000ff;\"><a style=\"color: #0000ff;\" href=\"https:\/\/ranaelgjegerforening.no\/wp-content\/uploads\/2022\/05\/FM-lag-24.04.22-Fauske-og-Sorfold-JFF.pdf\">Fylkemesterskap Jaktfelt Lagskyting FSJFF 24.04.22<\/a><\/span><\/p>\n<p><span style=\"font-size: 14pt; color: #0000ff;\"><a style=\"color: #0000ff;\" href=\"https:\/\/ranaelgjegerforening.no\/wp-content\/uploads\/2022\/04\/Jaktfeltcup-9.pdf\">Jaktfelt cup 20.04.22<\/a><\/span><\/p>\n<p><span style=\"font-size: 14pt; color: #0000ff;\"><a style=\"color: #0000ff;\" href=\"https:\/\/ranaelgjegerforening.no\/wp-content\/uploads\/2022\/04\/R_Resultat25PaToppMedFinale.pdf\">Elgbane stevne S\u00f8mna 10.04.22<\/a><\/span><\/p>\n<p><span style=\"font-size: 14pt; color: #0000ff;\"><a style=\"color: #0000ff;\" href=\"https:\/\/ranaelgjegerforening.no\/wp-content\/uploads\/2022\/05\/R_Resultat25PaToppMedFinale-Jaktfelt-Somna.pdf\">Jaktfelt stevne S\u00f8mna 09.04.22<\/a><\/span><\/p>\n<p><span style=\"font-size: 14pt; color: #0000ff;\"><a style=\"color: #0000ff;\" href=\"https:\/\/ranaelgjegerforening.no\/wp-content\/uploads\/2022\/04\/Jaktfeltcup-8.pdf\">Jaktfelt cup 06.04.22<\/a><\/span><\/p>\n<p><span style=\"font-size: 14pt; color: #0000ff;\"><a style=\"color: #0000ff;\" href=\"https:\/\/ranaelgjegerforening.no\/wp-content\/uploads\/2022\/03\/Stevne-REJF-26.03.22.jpg\">Stevne REFJ 26.03.22<\/a><\/span><\/p>\n<p><span style=\"font-size: 14pt; color: #0000ff;\"><a style=\"color: #0000ff;\" href=\"https:\/\/ranaelgjegerforening.no\/wp-content\/uploads\/2022\/03\/Stevne-Bodo-05.03.22.jpg\">Stevne Bod\u00f8 05.03.22<\/a><\/span><\/p>\n<p><span style=\"font-size: 14pt; color: #0000ff;\"><a style=\"color: #0000ff;\" href=\"https:\/\/ranaelgjegerforening.no\/wp-content\/uploads\/2022\/04\/Jaktfeltcup-7.pdf\">Jaktfelt cup 30.03.22<\/a><\/span><\/p>\n<p><span style=\"font-size: 14pt; color: #0000ff;\"><a style=\"color: #0000ff;\" href=\"https:\/\/ranaelgjegerforening.no\/wp-content\/uploads\/2022\/04\/Jaktfeltcup-6.pdf\">Jaktfelt cup 23.03.22<\/a><\/span><\/p>\n<p><span style=\"font-size: 14pt; color: #0000ff;\"><a style=\"color: #0000ff;\" href=\"https:\/\/ranaelgjegerforening.no\/wp-content\/uploads\/2022\/04\/Jaktfeltcup-5.pdf\">Jaktfelt cup 16.03.22<\/a><\/span><\/p>\n<p><span style=\"font-size: 14pt; color: #0000ff;\"><a style=\"color: #0000ff;\" href=\"https:\/\/ranaelgjegerforening.no\/wp-content\/uploads\/2022\/04\/Jaktfeltcup-4.pdf\">Jaktfelt cup 08.03.22<\/a><\/span><\/p>\n<p><span style=\"font-size: 14pt; color: #0000ff;\"><a style=\"color: #0000ff;\" href=\"https:\/\/ranaelgjegerforening.no\/wp-content\/uploads\/2022\/04\/Jaktfeltcup-2.pdf\">Jaktfelt cup 02.03.22 <\/a><\/span><\/p>\n<p><span style=\"font-size: 14pt; color: #0000ff;\"><a style=\"color: #0000ff;\" href=\"https:\/\/ranaelgjegerforening.no\/wp-content\/uploads\/2022\/04\/Jaktfeltcup-3.pdf\">Jaktfelt cup 19.02.22<\/a><\/span><\/p>\n<p><span style=\"color: #0000ff;\"><a style=\"color: #0000ff;\" href=\"https:\/\/ranaelgjegerforening.no\/wp-content\/uploads\/2022\/04\/Jaktfeltcup-1.pdf\"><span style=\"font-size: 14pt;\">Jaktfelt cup 05.02.22<\/span><\/a><\/span><\/p>\n","protected":false},"excerpt":{"rendered":"<p>Fylkesmesterskap Lagskyting FSJFF 26.06.22 Fylkesmesterskap FSJFF 26.06.22 Saltenmesterskap FSJFF 25.06.22 Elgbane stevnte R\u00f8ssvoll 19.06.22 Jaktfelt stevne R\u00f8ssvoll 18.06.22 B\u00f8rgefjellkarusell 2022 Jaktfelt cup 04.05.22 Jaktfelt cup 27.04.22 Fylkemesterskap Jaktfelt FSJFF 24.04.22 Fylkemesterskap Jaktfelt Lagskyting FSJFF 24.04.22 Jaktfelt cup 20.04.22 Elgbane stevne S\u00f8mna 10.04.22 Jaktfelt stevne S\u00f8mna 09.04.22 Jaktfelt cup 06.04.22 Stevne REFJ 26.03.22 Stevne Bod\u00f8 05.03.22 &#8230; <a title=\"Skyteresultat 2022\" class=\"read-more\" href=\"https:\/\/ranaelgjegerforening.no\/?page_id=3307\" aria-label=\"Mer p\u00e5 Skyteresultat 2022\">Les mer<\/a><\/p>\n","protected":false},"author":4,"featured_media":0,"parent":0,"menu_order":0,"comment_status":"closed","ping_status":"closed","template":"","meta":{"generate_page_header":""},"_links":{"self":[{"href":"https:\/\/ranaelgjegerforening.no\/index.php?rest_route=\/wp\/v2\/pages\/3307"}],"collection":[{"href":"https:\/\/ranaelgjegerforening.no\/index.php?rest_route=\/wp\/v2\/pages"}],"about":[{"href":"https:\/\/ranaelgjegerforening.no\/index.php?rest_route=\/wp\/v2\/types\/page"}],"author":[{"embeddable":true,"href":"https:\/\/ranaelgjegerforening.no\/index.php?rest_route=\/wp\/v2\/users\/4"}],"replies":[{"embeddable":true,"href":"https:\/\/ranaelgjegerforening.no\/index.php?rest_route=%2Fwp%2Fv2%2Fcomments&post=3307"}],"version-history":[{"count":6,"href":"https:\/\/ranaelgjegerforening.no\/index.php?rest_route=\/wp\/v2\/pages\/3307\/revisions"}],"predecessor-version":[{"id":3811,"href":"https:\/\/ranaelgjegerforening.no\/index.php?rest_route=\/wp\/v2\/pages\/3307\/revisions\/3811"}],"wp:attachment":[{"href":"https:\/\/ranaelgjegerforening.no\/index.php?rest_route=%2Fwp%2Fv2%2Fmedia&parent=3307"}],"curies":[{"name":"wp","href":"https:\/\/api.w.org\/{rel}","templated":true}]}}