{"id":6,"date":"2017-04-04T01:14:08","date_gmt":"2017-04-03T23:14:08","guid":{"rendered":"http:\/\/ranaelgjegerforening.ipage.no\/?page_id=6"},"modified":"2023-07-07T11:23:25","modified_gmt":"2023-07-07T09:23:25","slug":"hovedside","status":"publish","type":"page","link":"https:\/\/ranaelgjegerforening.no\/","title":{"rendered":"Hoved"},"content":{"rendered":"<h4 style=\"text-align: center;\">\u00a0 \u00a0 \u00a0<strong> Rana Elgjegerforening<\/strong> ble stiftet 1. mars 1979, og har i dag ca. 200 medlemmer.<br \/>Klubben er tilsluttet NJFF.<br \/>Vi disponerer egen elgbane, og 6 faste elektroniske skiver.<\/h4>\r\n<p style=\"text-align: center;\">\u00a0<\/p>\r\n<div dir=\"auto\" style=\"text-align: center;\">\r\n<div class=\"bi6gxh9e\" data-block=\"true\" data-editor=\"9q0br\" data-offset-key=\"fh9o6-0-0\">\r\n<div class=\"_1mf _1mj\" data-offset-key=\"fh9o6-0-0\">\r\n<div class=\"m8h3af8h l7ghb35v kjdc1dyq kmwttqpk gh25dzvf n3t5jt4f\">\u00a0<\/div>\r\n<\/div>\r\n<\/div>\r\n<\/div>\r\n<div dir=\"auto\" style=\"text-align: center;\"><strong><span style=\"font-size: 18pt;\">Trening og oppskyting<\/span><\/strong><\/div>\r\n<div dir=\"auto\">\r\n<div dir=\"auto\" style=\"text-align: center;\"><span style=\"font-size: 14pt;\">Rana Elgjegerforening leier skytebanen p\u00e5 Nevernes og arrangerer trening og oppskyting p\u00e5 onsdager fremover, fra kl 17.00-19.00. <\/span><\/div>\r\n<div dir=\"auto\" style=\"text-align: center;\"><span style=\"font-size: 14pt;\">Vi har som f\u00f8r ammunisjon. Skytebenk til de som \u00f8nsker \u00e5 bruke det til innskyting.<\/span><\/div>\r\n<div dir=\"auto\" style=\"text-align: center;\"><span style=\"font-size: 14pt;\">Vi \u00f8nsker alle hjertelig velkommen til en trivelig kveld p\u00e5 det flotte anlegget p\u00e5 Nevernes. <\/span><\/div>\r\n<div dir=\"auto\" style=\"text-align: center;\"><span style=\"font-size: 14pt;\">Salg av vafler og kaffe i kiosken.\u00a0<\/span><\/div>\r\n<div dir=\"auto\">\u00a0<\/div>\r\n<\/div>\r\n<div dir=\"auto\" style=\"text-align: center;\"><span style=\"font-size: 14pt;\">Informasjon om skyteledere finnes her: <a href=\"https:\/\/ranaelgjegerforening.no\/wp-content\/uploads\/2023\/07\/Skyteledere-2023.pdf\"><span style=\"color: #3366ff;\">Skyteledere<\/span><\/a><\/span><\/div>\r\n<div dir=\"auto\">\u00a0<\/div>\r\n<div dir=\"auto\">\u00a0<\/div>\r\n<div dir=\"auto\">\u00a0<\/div>\r\n<div dir=\"auto\">\u00a0<\/div>\r\n<div dir=\"auto\">\u00a0<\/div>\r\n<div dir=\"auto\" style=\"text-align: center;\"><span style=\"font-size: 14pt;\">Hovedoppgaven for REJF er \u00e5 tilrettelegge for trening og oppskyting til storviltpr\u00f8ven. <\/span><\/div>\r\n<div dir=\"auto\" style=\"text-align: center;\"><span style=\"font-size: 14pt;\">Siden vi ikke f\u00e5r fornyet eller forlenget en b\u00e6rekraftig leieavtalen med RSKL, har styret sondert terrenget for andre mulige samarbeidspartnere. <\/span><\/div>\r\n<div dir=\"auto\" style=\"text-align: center;\"><span style=\"font-size: 14pt;\">Men inntill 1.juli som avtalen l\u00f8per til, oppfordrer vi folk til \u00e5 bruke elgbanen.<\/span><\/div>\r\n<div dir=\"auto\" style=\"text-align: center;\"><span style=\"font-size: 14pt;\">Slik det ser ut n\u00e5 er Dunderlandsdalen Skytterlag positive til \u00e5 stille sitt baneomr\u00e5de til disposisjon for REJF. <\/span><\/div>\r\n<div dir=\"auto\" style=\"text-align: center;\"><span style=\"font-size: 14pt;\">Det er lenge siden vi har opplevd noe s\u00e5 positivt. <\/span><\/div>\r\n<div dir=\"auto\" style=\"text-align: center;\"><span style=\"font-size: 14pt;\">Styret h\u00e5per \u00e5 f\u00e5 p\u00e5 plass en ordning slik at elgjegerne til jaktsesongen 2022\/23 har en skytebane de kan trene p\u00e5, og avlegge storviltpr\u00f8ven. <\/span><\/div>\r\n<div dir=\"auto\" style=\"text-align: center;\"><span style=\"font-size: 14pt;\">Det jobbes samtidig videre med \u00e5 finne tomt til en egen bane<\/span><\/div>\r\n<div dir=\"auto\">\u00a0<\/div>\r\n<div dir=\"auto\">\u00a0<\/div>\r\n<div dir=\"auto\" style=\"text-align: center;\">\u00a0<\/div>\r\n<div dir=\"auto\">\u00a0<\/div>\r\n<p>&nbsp;<\/p>\r\n<p style=\"text-align: center;\"><span style=\"font-size: 18pt;\"><a href=\"https:\/\/ranaelgjegerforening.no\/wp-content\/uploads\/2022\/03\/Terminliste-Nordland-2022.pdf\" rel=\"attachment wp-att-1987\"><span style=\"color: #0000ff;\">Terminliste jaktskyting NJFF 2022 Nordland<\/span><\/a><\/span><\/p>\r\n<p>&nbsp;<\/p>\r\n<p style=\"text-align: center;\">\u00a0<\/p>\r\n<p style=\"text-align: center;\">\u00a0<\/p>\r\n<p style=\"text-align: center;\">\u00a0<\/p>\r\n<p style=\"text-align: center;\">\u00a0<\/p>\r\n<p style=\"text-align: center;\">\u00a0 <span style=\"color: #ff0000; font-size: 14pt;\"><strong>Husk R\u00f8dt flagg ved all skyting!!<\/strong><\/span><\/p>\r\n<h4 style=\"text-align: center;\"><a href=\"https:\/\/ranaelgjegerforening.no\/wp-content\/uploads\/2018\/12\/Skytetider-p\u00e5-banen-2018.pdf\"><span style=\"color: #0000ff;\">Skytetider p\u00e5 banen<\/span><\/a><\/h4>\r\n<p style=\"text-align: center;\">Rana EJF lagjakken kan kj\u00f8pes hos Bekken &amp; Str\u00f8m i Vika. Logoene trykkes p\u00e5 mens du venter, l\u00f8p og kj\u00f8p!<\/p>\r\n<p><img decoding=\"async\" class=\"wp-image-1701 aligncenter\" src=\"https:\/\/ranaelgjegerforening.no\/wp-content\/uploads\/2019\/03\/IMG_20190313_0003-7-210x300.jpg\" alt=\"\" width=\"287\" height=\"409\" srcset=\"https:\/\/ranaelgjegerforening.no\/wp-content\/uploads\/2019\/03\/IMG_20190313_0003-7-210x300.jpg 210w, https:\/\/ranaelgjegerforening.no\/wp-content\/uploads\/2019\/03\/IMG_20190313_0003-7-768x1097.jpg 768w, https:\/\/ranaelgjegerforening.no\/wp-content\/uploads\/2019\/03\/IMG_20190313_0003-7-717x1024.jpg 717w, https:\/\/ranaelgjegerforening.no\/wp-content\/uploads\/2019\/03\/IMG_20190313_0003-7.jpg 1434w\" sizes=\"(max-width: 287px) 100vw, 287px\" \/><\/p>\r\n<p>&nbsp;<\/p>\r\n","protected":false},"excerpt":{"rendered":"<p>\u00a0 \u00a0 \u00a0 Rana Elgjegerforening ble stiftet 1. mars 1979, og har i dag ca. 200 medlemmer.Klubben er tilsluttet NJFF.Vi disponerer egen elgbane, og 6 faste elektroniske skiver. \u00a0 \u00a0 Trening og oppskyting Rana Elgjegerforening leier skytebanen p\u00e5 Nevernes og arrangerer trening og oppskyting p\u00e5 onsdager fremover, fra kl 17.00-19.00. Vi har som f\u00f8r ammunisjon. &#8230; <a title=\"Hoved\" class=\"read-more\" href=\"https:\/\/ranaelgjegerforening.no\/\" aria-label=\"Mer p\u00e5 Hoved\">Les mer<\/a><\/p>\n","protected":false},"author":1,"featured_media":0,"parent":0,"menu_order":6,"comment_status":"closed","ping_status":"closed","template":"","meta":{"generate_page_header":""},"_links":{"self":[{"href":"https:\/\/ranaelgjegerforening.no\/index.php?rest_route=\/wp\/v2\/pages\/6"}],"collection":[{"href":"https:\/\/ranaelgjegerforening.no\/index.php?rest_route=\/wp\/v2\/pages"}],"about":[{"href":"https:\/\/ranaelgjegerforening.no\/index.php?rest_route=\/wp\/v2\/types\/page"}],"author":[{"embeddable":true,"href":"https:\/\/ranaelgjegerforening.no\/index.php?rest_route=\/wp\/v2\/users\/1"}],"replies":[{"embeddable":true,"href":"https:\/\/ranaelgjegerforening.no\/index.php?rest_route=%2Fwp%2Fv2%2Fcomments&post=6"}],"version-history":[{"count":232,"href":"https:\/\/ranaelgjegerforening.no\/index.php?rest_route=\/wp\/v2\/pages\/6\/revisions"}],"predecessor-version":[{"id":4729,"href":"https:\/\/ranaelgjegerforening.no\/index.php?rest_route=\/wp\/v2\/pages\/6\/revisions\/4729"}],"wp:attachment":[{"href":"https:\/\/ranaelgjegerforening.no\/index.php?rest_route=%2Fwp%2Fv2%2Fmedia&parent=6"}],"curies":[{"name":"wp","href":"https:\/\/api.w.org\/{rel}","templated":true}]}}